{"id":342,"date":"2019-02-04T19:09:32","date_gmt":"2019-02-04T21:09:32","guid":{"rendered":"https:\/\/www.saudeeconsciencia.com.br\/web\/?post_type=product&#038;p=342"},"modified":"2021-07-22T13:06:36","modified_gmt":"2021-07-22T16:06:36","slug":"formacao","status":"publish","type":"product","link":"https:\/\/www.saudeeconsciencia.com.br\/web\/produto\/formacao\/","title":{"rendered":"Forma\u00e7\u00e3o Profissional em Acupuntura"},"content":{"rendered":"\t\t<div data-elementor-type=\"product-post\" data-elementor-id=\"342\" class=\"elementor elementor-342 elementor-bc-flex-widget\" data-elementor-post-type=\"product\">\n\t\t\t\t\t\t<section class=\"elementor-section elementor-top-section elementor-element elementor-element-2335d0bd elementor-section-boxed elementor-section-height-default elementor-section-height-default\" data-id=\"2335d0bd\" data-element_type=\"section\" data-e-type=\"section\">\n\t\t\t\t\t\t<div class=\"elementor-container elementor-column-gap-default\">\n\t\t\t\t\t<div class=\"elementor-column elementor-col-100 elementor-top-column elementor-element elementor-element-24c3a4b2\" data-id=\"24c3a4b2\" data-element_type=\"column\" data-e-type=\"column\">\n\t\t\t<div class=\"elementor-widget-wrap elementor-element-populated\">\n\t\t\t\t\t\t<div class=\"elementor-element elementor-element-5a69d203 elementor-widget elementor-widget-text-editor\" data-id=\"5a69d203\" data-element_type=\"widget\" data-e-type=\"widget\" data-widget_type=\"text-editor.default\">\n\t\t\t\t<div class=\"elementor-widget-container\">\n\t\t\t\t\t\t\t\t\t<p>Curso de Forma\u00e7\u00e3o Profissional em Acupuntura em vinte e quatro m\u00f3dulos semipresenciais (Curso Livre).<\/p>\n<p>Todas as apostilas ser\u00e3o enviadas ao aluno em m\u00eddia digital.<\/p>\n<p>O certificado ser\u00e1 emitido pela Escola Sa\u00fade e Consci\u00eancia, com validade em todo o territ\u00f3rio nacional na forma da lei, mediante o cumprimento de todas as exig\u00eancias para a certifica\u00e7\u00e3o constantes do Contrato de Presta\u00e7\u00e3o de Servi\u00e7os Educacionais e de seus anexos, incluindo Manual do Aluno..<\/p>\t\t\t\t\t\t\t\t<\/div>\n\t\t\t\t<\/div>\n\t\t\t\t\t<\/div>\n\t\t<\/div>\n\t\t\t\t\t<\/div>\n\t\t<\/section>\n\t\t\t\t<\/div>\n\t\t","protected":false},"excerpt":{"rendered":"<p>Forma\u00e7\u00e3o Profissional Semipresencial em Acupuntura, baseada no conhecimento cl\u00e1ssico e milenar da Medicina Tradicional Chinesa.<\/p>\n<p>O valor normal \u00e9 o da <strong>Matr\u00edcula\u00a0(R$190,00)<\/strong> <strong>+ Primeira Parcela (R$363,00)<\/strong>,\u00a0mas nesta promo\u00e7\u00e3o especial, a Matr\u00edcula \u00e9 <strong>ISENTA<\/strong>\u00a0e voc\u00ea paga apenas a <strong>Primeira Parcela<\/strong> no valor de\u00a0<strong>R$290,00<\/strong>, de\u00a0um total de vinte e quatro parcelas, as demais vinte e tr\u00eas parcelas<strong>,<\/strong> no valor de <strong>R$290,00 <\/strong>cada, ser\u00e3o pagas mediante a emiss\u00e3o de boletos banc\u00e1rios.<\/p>\n<p>&nbsp;<\/p>\n","protected":false},"featured_media":433,"comment_status":"closed","ping_status":"closed","template":"","meta":{"_acf_changed":false,"_joinchat":[]},"product_brand":[],"product_cat":[26],"product_tag":[],"class_list":{"0":"post-342","1":"product","2":"type-product","3":"status-publish","4":"has-post-thumbnail","6":"product_cat-cursos-de-formacao-profissional","8":"first","9":"instock","10":"sale","11":"virtual","12":"purchasable","13":"product-type-simple"},"acf":[],"_links":{"self":[{"href":"https:\/\/www.saudeeconsciencia.com.br\/web\/wp-json\/wp\/v2\/product\/342"}],"collection":[{"href":"https:\/\/www.saudeeconsciencia.com.br\/web\/wp-json\/wp\/v2\/product"}],"about":[{"href":"https:\/\/www.saudeeconsciencia.com.br\/web\/wp-json\/wp\/v2\/types\/product"}],"replies":[{"embeddable":true,"href":"https:\/\/www.saudeeconsciencia.com.br\/web\/wp-json\/wp\/v2\/comments?post=342"}],"version-history":[{"count":8,"href":"https:\/\/www.saudeeconsciencia.com.br\/web\/wp-json\/wp\/v2\/product\/342\/revisions"}],"predecessor-version":[{"id":1491,"href":"https:\/\/www.saudeeconsciencia.com.br\/web\/wp-json\/wp\/v2\/product\/342\/revisions\/1491"}],"wp:featuredmedia":[{"embeddable":true,"href":"https:\/\/www.saudeeconsciencia.com.br\/web\/wp-json\/wp\/v2\/media\/433"}],"wp:attachment":[{"href":"https:\/\/www.saudeeconsciencia.com.br\/web\/wp-json\/wp\/v2\/media?parent=342"}],"wp:term":[{"taxonomy":"product_brand","embeddable":true,"href":"https:\/\/www.saudeeconsciencia.com.br\/web\/wp-json\/wp\/v2\/product_brand?post=342"},{"taxonomy":"product_cat","embeddable":true,"href":"https:\/\/www.saudeeconsciencia.com.br\/web\/wp-json\/wp\/v2\/product_cat?post=342"},{"taxonomy":"product_tag","embeddable":true,"href":"https:\/\/www.saudeeconsciencia.com.br\/web\/wp-json\/wp\/v2\/product_tag?post=342"}],"curies":[{"name":"wp","href":"https:\/\/api.w.org\/{rel}","templated":true}]}}